{"id":7239,"date":"2023-06-20T10:45:38","date_gmt":"2023-06-20T08:45:38","guid":{"rendered":"https:\/\/camping-lespins.com\/kontakt-acces\/"},"modified":"2024-11-14T11:07:36","modified_gmt":"2024-11-14T10:07:36","slug":"kontakt-acces","status":"publish","type":"page","link":"https:\/\/camping-lespins.com\/de\/kontakt-acces\/","title":{"rendered":"Infos und Kontakte"},"content":{"rendered":"\n<div class=\"wp-block-group is-layout-constrained wp-container-core-group-is-layout-bbbb44a5 wp-block-group-is-layout-constrained\" style=\"padding-top:var(--wp--preset--spacing--60);padding-right:var(--wp--preset--spacing--60);padding-bottom:var(--wp--preset--spacing--60);padding-left:var(--wp--preset--spacing--60)\">\n<h1 class=\"wp-block-heading has-text-align-center has-link-color-color has-text-color\" style=\"margin-top:var(--wp--preset--spacing--60);margin-right:var(--wp--preset--spacing--60);margin-bottom:var(--wp--preset--spacing--60);margin-left:var(--wp--preset--spacing--60);padding-top:var(--wp--preset--spacing--60);padding-right:var(--wp--preset--spacing--60);padding-bottom:var(--wp--preset--spacing--60);padding-left:var(--wp--preset--spacing--60)\">Kontakt und Zugang<\/h1>\n\n\n\n<div class=\"wp-block-columns is-layout-flex wp-container-core-columns-is-layout-28f84493 wp-block-columns-is-layout-flex\">\n<div class=\"wp-block-column is-vertically-aligned-top is-layout-flow wp-block-column-is-layout-flow\">\n<h2 class=\"wp-block-heading\">Kontaktieren Sie den Camping<\/h2>\n\n\n\n<p>Sie wissen bereits, welches Mobilheim mit voll ausgestatteter K\u00fcche und \u00fcberdachter Privatterrasse Sie f\u00fcr Ihren n\u00e4chsten Urlaub auf dem <a href=\"https:\/\/camping-lespins.com\/de\/\">Campingplatz Les Pins in der Vend\u00e9e<\/a> mieten m\u00f6chten. Sie wissen, dass unser Freilufthotel eine Badelandschaft mit beheiztem Pool, ein Restaurant und mehrere Spielger\u00e4te f\u00fcr Kinder beherbergt.<\/p>\n\n\n\n<p>Sie m\u00f6chten Antworten auf all Ihre Fragen, bevor Sie Ihre Koffer f\u00fcr die Charente-Maritime packen?<\/p>\n\n\n\n<p>Ben\u00f6tigen Sie <strong>weitere Informationen <\/strong>zu unseren Unterk\u00fcnften, Reservierungen, Zahlungsmethoden, Wohnwagenpl\u00e4tzen, \u00d6ffnungszeiten, Preisen, Einrichtungen oder Dienstleistungen? Kontaktieren Sie uns und wir werden Ihnen so schnell wie m\u00f6glich antworten :<\/p>\n\n\n\n<ul class=\"wp-block-list\">\n<li>\u00dcber das <strong>Kontaktformular<\/strong>,<\/li>\n\n\n\n<li>Per <strong>Telefon<\/strong> unter +33 (0) 05 46 23 30 83,<\/li>\n\n\n\n<li>Per <strong>Post<\/strong> an die folgende Adresse: Camping Les Pins &#8211; 4 rue des Foug\u00e8res &#8211; 17420 Saint-Palais-sur-Mer.<\/li>\n<\/ul>\n<\/div>\n\n\n\n<div class=\"wp-block-column is-layout-flow wp-block-column-is-layout-flow\">\n<div class=\"wp-block-contact-form-7-contact-form-selector formulaire-contact\">\n<div class=\"wpcf7 no-js\" id=\"wpcf7-f7501-o1\" lang=\"de-DE\" dir=\"ltr\" data-wpcf7-id=\"7501\">\n<div class=\"screen-reader-response\"><p role=\"status\" aria-live=\"polite\" aria-atomic=\"true\"><\/p> <ul><\/ul><\/div>\n<form action=\"\/de\/wp-json\/wp\/v2\/pages\/7239#wpcf7-f7501-o1\" method=\"post\" class=\"wpcf7-form init\" id=\"formulaire-contact\" aria-label=\"Kontaktformular\" novalidate=\"novalidate\" data-status=\"init\">\n<div style=\"display: none;\">\n<input type=\"hidden\" name=\"_wpcf7\" value=\"7501\" \/>\n<input type=\"hidden\" name=\"_wpcf7_version\" value=\"6.0.6\" \/>\n<input type=\"hidden\" name=\"_wpcf7_locale\" value=\"de_DE\" \/>\n<input type=\"hidden\" name=\"_wpcf7_unit_tag\" value=\"wpcf7-f7501-o1\" \/>\n<input type=\"hidden\" name=\"_wpcf7_container_post\" value=\"0\" \/>\n<input type=\"hidden\" name=\"_wpcf7_posted_data_hash\" value=\"\" \/>\n<input type=\"hidden\" name=\"_wpcf7_recaptcha_response\" value=\"\" \/>\n<\/div>\n<p><label> Ihr Name<br \/>\n<span class=\"wpcf7-form-control-wrap\" data-name=\"your-name\"><input size=\"40\" maxlength=\"400\" class=\"wpcf7-form-control wpcf7-text wpcf7-validates-as-required\" autocomplete=\"name\" aria-required=\"true\" aria-invalid=\"false\" value=\"\" type=\"text\" name=\"your-name\" \/><\/span> <\/label>\n<\/p>\n<p><label> Ihre E-Mail<br \/>\n<span class=\"wpcf7-form-control-wrap\" data-name=\"your-email\"><input size=\"40\" maxlength=\"400\" class=\"wpcf7-form-control wpcf7-email wpcf7-validates-as-required wpcf7-text wpcf7-validates-as-email\" autocomplete=\"email\" aria-required=\"true\" aria-invalid=\"false\" value=\"\" type=\"email\" name=\"your-email\" \/><\/span> <\/label>\n<\/p>\n<p><label> Objekt<br \/>\n<span class=\"wpcf7-form-control-wrap\" data-name=\"your-subject\"><input size=\"40\" maxlength=\"400\" class=\"wpcf7-form-control wpcf7-text wpcf7-validates-as-required\" aria-required=\"true\" aria-invalid=\"false\" value=\"\" type=\"text\" name=\"your-subject\" \/><\/span> <\/label>\n<\/p>\n<p><label> Ihre Nachricht<br \/>\n<span class=\"wpcf7-form-control-wrap\" data-name=\"your-message\"><textarea cols=\"40\" rows=\"10\" maxlength=\"2000\" class=\"wpcf7-form-control wpcf7-textarea\" aria-invalid=\"false\" name=\"your-message\"><\/textarea><\/span> <\/label>\n<\/p>\n<p><span class=\"wpcf7-form-control-wrap\" data-name=\"acceptance-553\"><span class=\"wpcf7-form-control wpcf7-acceptance\"><span class=\"wpcf7-list-item\"><label><input type=\"checkbox\" name=\"acceptance-553\" value=\"1\" aria-invalid=\"false\" \/><span class=\"wpcf7-list-item-label\">Indem ich dieses K\u00e4stchen ankreuze, stimme ich der <a href=\"\/politique-de-confidentialite\/\" rel=\"nofollow\" target=\"_blank\">Datenschutzrichtlinie<\/a> dieser Website zu.<\/span><\/label><\/span><\/span><\/span>\n<\/p>\n<p><input class=\"wpcf7-form-control wpcf7-submit has-spinner\" type=\"submit\" value=\"Envoyer\" \/>\n<\/p><div class=\"wpcf7-response-output\" aria-hidden=\"true\"><\/div>\n<\/form>\n<\/div>\n<\/div>\n<\/div>\n<\/div>\n\n\n\n<div class=\"wp-block-columns is-layout-flex wp-container-core-columns-is-layout-28f84493 wp-block-columns-is-layout-flex\">\n<div class=\"wp-block-column is-vertically-aligned-center is-layout-flow wp-block-column-is-layout-flow\">\n<iframe src=\"https:\/\/www.google.com\/maps\/embed?pb=!1m18!1m12!1m3!1d2788.670705503632!2d-1.072799523715435!3d45.6574342710778!2m3!1f0!2f0!3f0!3m2!1i1024!2i768!4f13.1!3m3!1m2!1s0x4801774475b5e43d%3A0xf6541272c5fb0709!2sCamping%20Paradis%20Les%20Pins%20-%20Royan!5e0!3m2!1sfr!2sfr!4v1692867280050!5m2!1sfr!2sfr\" width=\"100%\" height=\"700\" style=\"border:0;\" allowfullscreen=\"\" loading=\"lazy\" referrerpolicy=\"no-referrer-when-downgrade\"><\/iframe>\n<\/div>\n\n\n\n<div class=\"wp-block-column is-vertically-aligned-center is-layout-flow wp-block-column-is-layout-flow\">\n<h2 class=\"wp-block-heading\">Anreise zum Camping<\/h2>\n\n\n\n<p><strong>GPS-Koordinaten<\/strong>: 45.68517215993951, -1.083353762875047<\/p>\n\n\n\n<ul class=\"wp-block-list\">\n<li><strong>Mit dem Auto<\/strong><br\/><strong>Von Paris<\/strong>: A10 bis Saintes, N150 bis Royan, D25 Richtung La Palmyre.<br\/><strong>Von<\/strong> <strong>Nantes<\/strong>: A83 bis Niort, A10 bis Saintes, N150 bis Royan, D25 Richtung La Palmyre.<br\/><strong>Von<\/strong> <strong>Bordeaux<\/strong>: A10 bis Saintes, N150 bis Royan, D25 Richtung La Palmyre.<\/li>\n<\/ul>\n\n\n\n<ul class=\"wp-block-list\">\n<li><strong>Mit dem<\/strong> <strong>Zug<\/strong><br\/>Bahnhof Royan<\/li>\n<\/ul>\n\n\n\n<ul class=\"wp-block-list\">\n<li><strong>Mit dem<\/strong> <strong>Flugzeug<\/strong><br\/><strong>Flugh\u00e4fen<\/strong> Bordeaux-M\u00e9rignac und La Rochelle &#8211; Ile de R\u00e9.<\/li>\n<\/ul>\n<\/div>\n<\/div>\n<\/div>\n","protected":false},"excerpt":{"rendered":"<p>Kontakt und Zugang Kontaktieren Sie den Camping Sie wissen bereits, welches Mobilheim mit voll ausgestatteter K\u00fcche und \u00fcberdachter Privatterrasse Sie f\u00fcr Ihren n\u00e4chsten Urlaub auf dem Campingplatz Les Pins in der Vend\u00e9e mieten m\u00f6chten. Sie wissen, dass unser Freilufthotel eine Badelandschaft mit beheiztem Pool, ein Restaurant und mehrere Spielger\u00e4te f\u00fcr Kinder beherbergt. Sie m\u00f6chten Antworten [&hellip;]<\/p>\n","protected":false},"author":1,"featured_media":7250,"parent":0,"menu_order":25,"comment_status":"closed","ping_status":"closed","template":"","meta":{"_acf_changed":false,"footnotes":""},"class_list":["post-7239","page","type-page","status-publish","has-post-thumbnail","hentry"],"acf":[],"yoast_head":"<!-- This site is optimized with the Yoast SEO plugin v24.8.1 - https:\/\/yoast.com\/wordpress\/plugins\/seo\/ -->\n<title>Kontakt Camping Paradis Les Pins | Anreise Camping Vend\u00e9e<\/title>\n<meta name=\"robots\" content=\"index, follow, max-snippet:-1, max-image-preview:large, max-video-preview:-1\" \/>\n<link rel=\"canonical\" href=\"https:\/\/camping-lespins.com\/de\/kontakt-acces\/\" \/>\n<meta property=\"og:locale\" content=\"de_DE\" \/>\n<meta property=\"og:type\" content=\"article\" \/>\n<meta property=\"og:title\" content=\"Kontakt Camping Paradis Les Pins | Anreise Camping Vend\u00e9e\" \/>\n<meta property=\"og:description\" content=\"Kontakt und Zugang Kontaktieren Sie den Camping Sie wissen bereits, welches Mobilheim mit voll ausgestatteter K\u00fcche und \u00fcberdachter Privatterrasse Sie f\u00fcr Ihren n\u00e4chsten Urlaub auf dem Campingplatz Les Pins in der Vend\u00e9e mieten m\u00f6chten. Sie wissen, dass unser Freilufthotel eine Badelandschaft mit beheiztem Pool, ein Restaurant und mehrere Spielger\u00e4te f\u00fcr Kinder beherbergt. Sie m\u00f6chten Antworten [&hellip;]\" \/>\n<meta property=\"og:url\" content=\"https:\/\/camping-lespins.com\/de\/kontakt-acces\/\" \/>\n<meta property=\"og:site_name\" content=\"Camping Paradis Les Pins - Site Officiel - Meilleur Prix Garanti\" \/>\n<meta property=\"article:modified_time\" content=\"2024-11-14T10:07:36+00:00\" \/>\n<meta property=\"og:image\" content=\"http:\/\/camping-lespins.com\/wp-content\/uploads\/sites\/38\/2023\/08\/contacter-le-camping-paradis-les-pins.jpg\" \/>\n\t<meta property=\"og:image:width\" content=\"1920\" \/>\n\t<meta property=\"og:image:height\" content=\"500\" \/>\n\t<meta property=\"og:image:type\" content=\"image\/jpeg\" \/>\n<meta name=\"twitter:card\" content=\"summary_large_image\" \/>\n<meta name=\"twitter:label1\" content=\"Gesch\u00e4tzte Lesezeit\" \/>\n\t<meta name=\"twitter:data1\" content=\"1\u00a0Minute\" \/>\n<script type=\"application\/ld+json\" class=\"yoast-schema-graph\">{\"@context\":\"https:\/\/schema.org\",\"@graph\":[{\"@type\":\"WebPage\",\"@id\":\"https:\/\/camping-lespins.com\/de\/kontakt-acces\/\",\"url\":\"https:\/\/camping-lespins.com\/de\/kontakt-acces\/\",\"name\":\"Kontakt Camping Paradis Les Pins | Anreise Camping Vend\u00e9e\",\"isPartOf\":{\"@id\":\"https:\/\/camping-lespins.com\/de\/#website\"},\"primaryImageOfPage\":{\"@id\":\"https:\/\/camping-lespins.com\/de\/kontakt-acces\/#primaryimage\"},\"image\":{\"@id\":\"https:\/\/camping-lespins.com\/de\/kontakt-acces\/#primaryimage\"},\"thumbnailUrl\":\"https:\/\/camping-lespins.com\/wp-content\/uploads\/sites\/38\/2023\/08\/contacter-le-camping-paradis-les-pins.jpg\",\"datePublished\":\"2023-06-20T08:45:38+00:00\",\"dateModified\":\"2024-11-14T10:07:36+00:00\",\"breadcrumb\":{\"@id\":\"https:\/\/camping-lespins.com\/de\/kontakt-acces\/#breadcrumb\"},\"inLanguage\":\"de\",\"potentialAction\":[{\"@type\":\"ReadAction\",\"target\":[\"https:\/\/camping-lespins.com\/de\/kontakt-acces\/\"]}]},{\"@type\":\"ImageObject\",\"inLanguage\":\"de\",\"@id\":\"https:\/\/camping-lespins.com\/de\/kontakt-acces\/#primaryimage\",\"url\":\"https:\/\/camping-lespins.com\/wp-content\/uploads\/sites\/38\/2023\/08\/contacter-le-camping-paradis-les-pins.jpg\",\"contentUrl\":\"https:\/\/camping-lespins.com\/wp-content\/uploads\/sites\/38\/2023\/08\/contacter-le-camping-paradis-les-pins.jpg\",\"width\":1920,\"height\":500},{\"@type\":\"BreadcrumbList\",\"@id\":\"https:\/\/camping-lespins.com\/de\/kontakt-acces\/#breadcrumb\",\"itemListElement\":[{\"@type\":\"ListItem\",\"position\":1,\"name\":\"Startseite\",\"item\":\"https:\/\/camping-lespins.com\/de\/\"},{\"@type\":\"ListItem\",\"position\":2,\"name\":\"Kontakt, Wegbeschreibung\"}]},{\"@type\":\"WebSite\",\"@id\":\"https:\/\/camping-lespins.com\/de\/#website\",\"url\":\"https:\/\/camping-lespins.com\/de\/\",\"name\":\"Camping Paradis Les Pins - Site Officiel - Meilleur Prix Garanti\",\"description\":\"\",\"publisher\":{\"@id\":\"https:\/\/camping-lespins.com\/de\/#organization\"},\"potentialAction\":[{\"@type\":\"SearchAction\",\"target\":{\"@type\":\"EntryPoint\",\"urlTemplate\":\"https:\/\/camping-lespins.com\/de\/?s={search_term_string}\"},\"query-input\":{\"@type\":\"PropertyValueSpecification\",\"valueRequired\":true,\"valueName\":\"search_term_string\"}}],\"inLanguage\":\"de\"},{\"@type\":\"Organization\",\"@id\":\"https:\/\/camping-lespins.com\/de\/#organization\",\"name\":\"Camping Paradis Les Pins - Site Officiel - Meilleur Prix Garanti\",\"url\":\"https:\/\/camping-lespins.com\/de\/\",\"logo\":{\"@type\":\"ImageObject\",\"inLanguage\":\"de\",\"@id\":\"https:\/\/camping-lespins.com\/de\/#\/schema\/logo\/image\/\",\"url\":\"https:\/\/camping-lespins.com\/wp-content\/uploads\/sites\/38\/2023\/08\/0837abd0-c821-4ddf-8908-880504b1938f.png\",\"contentUrl\":\"https:\/\/camping-lespins.com\/wp-content\/uploads\/sites\/38\/2023\/08\/0837abd0-c821-4ddf-8908-880504b1938f.png\",\"width\":497,\"height\":331,\"caption\":\"Camping Paradis Les Pins - Site Officiel - Meilleur Prix Garanti\"},\"image\":{\"@id\":\"https:\/\/camping-lespins.com\/de\/#\/schema\/logo\/image\/\"}}]}<\/script>\n<!-- \/ Yoast SEO plugin. -->","yoast_head_json":{"title":"Kontakt Camping Paradis Les Pins | Anreise Camping Vend\u00e9e","robots":{"index":"index","follow":"follow","max-snippet":"max-snippet:-1","max-image-preview":"max-image-preview:large","max-video-preview":"max-video-preview:-1"},"canonical":"https:\/\/camping-lespins.com\/de\/kontakt-acces\/","og_locale":"de_DE","og_type":"article","og_title":"Kontakt Camping Paradis Les Pins | Anreise Camping Vend\u00e9e","og_description":"Kontakt und Zugang Kontaktieren Sie den Camping Sie wissen bereits, welches Mobilheim mit voll ausgestatteter K\u00fcche und \u00fcberdachter Privatterrasse Sie f\u00fcr Ihren n\u00e4chsten Urlaub auf dem Campingplatz Les Pins in der Vend\u00e9e mieten m\u00f6chten. Sie wissen, dass unser Freilufthotel eine Badelandschaft mit beheiztem Pool, ein Restaurant und mehrere Spielger\u00e4te f\u00fcr Kinder beherbergt. Sie m\u00f6chten Antworten [&hellip;]","og_url":"https:\/\/camping-lespins.com\/de\/kontakt-acces\/","og_site_name":"Camping Paradis Les Pins - Site Officiel - Meilleur Prix Garanti","article_modified_time":"2024-11-14T10:07:36+00:00","og_image":[{"width":1920,"height":500,"url":"http:\/\/camping-lespins.com\/wp-content\/uploads\/sites\/38\/2023\/08\/contacter-le-camping-paradis-les-pins.jpg","type":"image\/jpeg"}],"twitter_card":"summary_large_image","twitter_misc":{"Gesch\u00e4tzte Lesezeit":"1\u00a0Minute"},"schema":{"@context":"https:\/\/schema.org","@graph":[{"@type":"WebPage","@id":"https:\/\/camping-lespins.com\/de\/kontakt-acces\/","url":"https:\/\/camping-lespins.com\/de\/kontakt-acces\/","name":"Kontakt Camping Paradis Les Pins | Anreise Camping Vend\u00e9e","isPartOf":{"@id":"https:\/\/camping-lespins.com\/de\/#website"},"primaryImageOfPage":{"@id":"https:\/\/camping-lespins.com\/de\/kontakt-acces\/#primaryimage"},"image":{"@id":"https:\/\/camping-lespins.com\/de\/kontakt-acces\/#primaryimage"},"thumbnailUrl":"https:\/\/camping-lespins.com\/wp-content\/uploads\/sites\/38\/2023\/08\/contacter-le-camping-paradis-les-pins.jpg","datePublished":"2023-06-20T08:45:38+00:00","dateModified":"2024-11-14T10:07:36+00:00","breadcrumb":{"@id":"https:\/\/camping-lespins.com\/de\/kontakt-acces\/#breadcrumb"},"inLanguage":"de","potentialAction":[{"@type":"ReadAction","target":["https:\/\/camping-lespins.com\/de\/kontakt-acces\/"]}]},{"@type":"ImageObject","inLanguage":"de","@id":"https:\/\/camping-lespins.com\/de\/kontakt-acces\/#primaryimage","url":"https:\/\/camping-lespins.com\/wp-content\/uploads\/sites\/38\/2023\/08\/contacter-le-camping-paradis-les-pins.jpg","contentUrl":"https:\/\/camping-lespins.com\/wp-content\/uploads\/sites\/38\/2023\/08\/contacter-le-camping-paradis-les-pins.jpg","width":1920,"height":500},{"@type":"BreadcrumbList","@id":"https:\/\/camping-lespins.com\/de\/kontakt-acces\/#breadcrumb","itemListElement":[{"@type":"ListItem","position":1,"name":"Startseite","item":"https:\/\/camping-lespins.com\/de\/"},{"@type":"ListItem","position":2,"name":"Kontakt, Wegbeschreibung"}]},{"@type":"WebSite","@id":"https:\/\/camping-lespins.com\/de\/#website","url":"https:\/\/camping-lespins.com\/de\/","name":"Camping Paradis Les Pins - Site Officiel - Meilleur Prix Garanti","description":"","publisher":{"@id":"https:\/\/camping-lespins.com\/de\/#organization"},"potentialAction":[{"@type":"SearchAction","target":{"@type":"EntryPoint","urlTemplate":"https:\/\/camping-lespins.com\/de\/?s={search_term_string}"},"query-input":{"@type":"PropertyValueSpecification","valueRequired":true,"valueName":"search_term_string"}}],"inLanguage":"de"},{"@type":"Organization","@id":"https:\/\/camping-lespins.com\/de\/#organization","name":"Camping Paradis Les Pins - Site Officiel - Meilleur Prix Garanti","url":"https:\/\/camping-lespins.com\/de\/","logo":{"@type":"ImageObject","inLanguage":"de","@id":"https:\/\/camping-lespins.com\/de\/#\/schema\/logo\/image\/","url":"https:\/\/camping-lespins.com\/wp-content\/uploads\/sites\/38\/2023\/08\/0837abd0-c821-4ddf-8908-880504b1938f.png","contentUrl":"https:\/\/camping-lespins.com\/wp-content\/uploads\/sites\/38\/2023\/08\/0837abd0-c821-4ddf-8908-880504b1938f.png","width":497,"height":331,"caption":"Camping Paradis Les Pins - Site Officiel - Meilleur Prix Garanti"},"image":{"@id":"https:\/\/camping-lespins.com\/de\/#\/schema\/logo\/image\/"}}]}},"_links":{"self":[{"href":"https:\/\/camping-lespins.com\/de\/wp-json\/wp\/v2\/pages\/7239","targetHints":{"allow":["GET"]}}],"collection":[{"href":"https:\/\/camping-lespins.com\/de\/wp-json\/wp\/v2\/pages"}],"about":[{"href":"https:\/\/camping-lespins.com\/de\/wp-json\/wp\/v2\/types\/page"}],"author":[{"embeddable":true,"href":"https:\/\/camping-lespins.com\/de\/wp-json\/wp\/v2\/users\/1"}],"replies":[{"embeddable":true,"href":"https:\/\/camping-lespins.com\/de\/wp-json\/wp\/v2\/comments?post=7239"}],"version-history":[{"count":2,"href":"https:\/\/camping-lespins.com\/de\/wp-json\/wp\/v2\/pages\/7239\/revisions"}],"predecessor-version":[{"id":53840,"href":"https:\/\/camping-lespins.com\/de\/wp-json\/wp\/v2\/pages\/7239\/revisions\/53840"}],"wp:featuredmedia":[{"embeddable":true,"href":"https:\/\/camping-lespins.com\/de\/wp-json\/wp\/v2\/media\/7250"}],"wp:attachment":[{"href":"https:\/\/camping-lespins.com\/de\/wp-json\/wp\/v2\/media?parent=7239"}],"curies":[{"name":"wp","href":"https:\/\/api.w.org\/{rel}","templated":true}]}}